{"id":23,"date":"2021-10-01T09:30:47","date_gmt":"2021-10-01T09:30:47","guid":{"rendered":"https:\/\/asilvestradas.onart.latermicamalaga.com\/?page_id=23"},"modified":"2022-02-14T15:23:05","modified_gmt":"2022-02-14T15:23:05","slug":"inicio","status":"publish","type":"page","link":"https:\/\/onart.latermicamalaga.com\/asilvestradas\/","title":{"rendered":"Inicio"},"content":{"rendered":"<p>[et_pb_section fb_built=&#8221;1&#8243; _builder_version=&#8221;4.9.4&#8243; _module_preset=&#8221;default&#8221; background_color=&#8221;#000000&#8243; custom_margin=&#8221;0px|0px|0px|0px|true|true&#8221; custom_padding=&#8221;0px|0px|0px|0px|true|true&#8221; global_colors_info=&#8221;{}&#8221;][et_pb_row _builder_version=&#8221;4.9.4&#8243; _module_preset=&#8221;default&#8221; width=&#8221;100%&#8221; max_width=&#8221;100%&#8221; module_alignment=&#8221;center&#8221; custom_margin=&#8221;0px|0px|0px|0px|true|true&#8221; custom_padding=&#8221;0px|0px|0px|0px|true|true&#8221; custom_css_main_element=&#8221;min-height:fit-content;&#8221; global_colors_info=&#8221;{}&#8221;][et_pb_column type=&#8221;4_4&#8243; _builder_version=&#8221;4.9.4&#8243; _module_preset=&#8221;default&#8221; global_colors_info=&#8221;{}&#8221;][et_pb_code _builder_version=&#8221;4.12.1&#8243; _module_preset=&#8221;default&#8221; text_orientation=&#8221;center&#8221; custom_margin=&#8221;0px|0px|0px|0px|true|true&#8221; custom_padding=&#8221;0px|0px|0px|0px|true|true&#8221; hover_enabled=&#8221;0&#8243; custom_css_main_element=&#8221;overflow: hidden;&#8221; global_colors_info=&#8221;{}&#8221; sticky_enabled=&#8221;0&#8243;]<video id=\"my-video\" class=\"video-js vjs-theme-forest\" alt=\"V\u00eddeo de plantas en varias estaciones.\" controls autoplay loop preload=\"auto\" width=\"1920\" height=\"auto\" poster=\"https:\/\/onart.latermicamalaga.com\/asilvestradas\/wp-content\/uploads\/sites\/5\/2021\/10\/imagen-plantas.png\" data-setup=\"{}\"><!-- [et_pb_line_break_holder] --><source src=\"https:\/\/onart.latermicamalaga.com\/asilvestradas\/wp-content\/uploads\/video-sin-franjas.mp4\" type=\"video\/mp4\" \/><!-- [et_pb_line_break_holder] --><source src=\"https:\/\/onart.latermicamalaga.com\/asilvestradas\/wp-content\/uploads\/video.webm\" type=\"video\/webm\" \/><!-- [et_pb_line_break_holder] --><track kind=\"captions\" src=\"https:\/\/onart.latermicamalaga.com\/asilvestradas\/wp-content\/uploads\/subtitulos-esp.vtt\" srclang=\"es\" label=\"Espa\u00f1ol\"><!-- [et_pb_line_break_holder] --><track kind=\"captions\" src=\"https:\/\/onart.latermicamalaga.com\/asilvestradas\/wp-content\/uploads\/subtitulos-en.vtt\" srclang=\"en\" label=\"Ingl\u00e9s\"><!-- [et_pb_line_break_holder] -->    <pee class=\"vjs-no-js\"><!-- [et_pb_line_break_holder] -->      Para ver este v\u00eddeo correctamente, actualiza tu navegador web.<!-- [et_pb_line_break_holder] -->      <a href=\"https:\/\/videojs.com\/html5-video-support\/\" target=\"_blank\" rel=\"noopener\">supports HTML5 video<\/a><!-- [et_pb_line_break_holder] -->    <\/pee><!-- [et_pb_line_break_holder] --><\/video><!-- [et_pb_line_break_holder] --><!-- [et_pb_line_break_holder] --><script><!-- [et_pb_line_break_holder] -->  \/\/videojs('player', {autoplay: true});<!-- [et_pb_line_break_holder] -->  \/\/videojs('video-js', {autoplay: true});<!-- [et_pb_line_break_holder] -->  \/\/videojs('my-video', {autoplay: true});<!-- [et_pb_line_break_holder] --><\/script><!-- [et_pb_line_break_holder] --><!-- [et_pb_line_break_holder] --><!-- [et_pb_line_break_holder] -->[\/et_pb_code][\/et_pb_column][\/et_pb_row][\/et_pb_section]<\/p>\n","protected":false},"excerpt":{"rendered":"","protected":false},"author":1,"featured_media":0,"parent":0,"menu_order":0,"comment_status":"closed","ping_status":"closed","template":"","meta":{"_et_pb_use_builder":"on","_et_pb_old_content":"","_et_gb_content_width":"","inline_featured_image":false,"footnotes":""},"class_list":["post-23","page","type-page","status-publish","hentry"],"yoast_head":"<!-- This site is optimized with the Yoast SEO plugin v27.3 - https:\/\/yoast.com\/product\/yoast-seo-wordpress\/ -->\n<title>Asilvestradas por Rosa Codina | Exposici\u00f3n online | La T\u00e9rmica<\/title>\n<meta name=\"description\" content=\"Durante el per\u00edodo de recogimiento de la humanidad provocado por la pandemia, Rosa Codina se centra en la observaci\u00f3n de la naturaleza y la belleza de las cosas.\" \/>\n<meta name=\"robots\" content=\"index, follow, max-snippet:-1, max-image-preview:large, max-video-preview:-1\" \/>\n<link rel=\"canonical\" href=\"https:\/\/onart.latermicamalaga.com\/asilvestradas\/\" \/>\n<meta property=\"og:locale\" content=\"es_ES\" \/>\n<meta property=\"og:type\" content=\"article\" \/>\n<meta property=\"og:title\" content=\"Asilvestradas por Rosa Codina | Exposici\u00f3n online | La T\u00e9rmica\" \/>\n<meta property=\"og:description\" content=\"Durante el per\u00edodo de recogimiento de la humanidad provocado por la pandemia, Rosa Codina se centra en la observaci\u00f3n de la naturaleza y la belleza de las cosas.\" \/>\n<meta property=\"og:url\" content=\"https:\/\/onart.latermicamalaga.com\/asilvestradas\/\" \/>\n<meta property=\"og:site_name\" content=\"Asilvestradas\" \/>\n<meta property=\"article:modified_time\" content=\"2022-02-14T15:23:05+00:00\" \/>\n<meta name=\"twitter:card\" content=\"summary_large_image\" \/>\n<meta name=\"twitter:label1\" content=\"Est. reading time\" \/>\n\t<meta name=\"twitter:data1\" content=\"1 minute\" \/>\n<script type=\"application\/ld+json\" class=\"yoast-schema-graph\">{\"@context\":\"https:\\\/\\\/schema.org\",\"@graph\":[{\"@type\":\"WebPage\",\"@id\":\"https:\\\/\\\/onart.latermicamalaga.com\\\/asilvestradas\\\/\",\"url\":\"https:\\\/\\\/onart.latermicamalaga.com\\\/asilvestradas\\\/\",\"name\":\"Asilvestradas por Rosa Codina | Exposici\u00f3n online | La T\u00e9rmica\",\"isPartOf\":{\"@id\":\"https:\\\/\\\/onart.latermicamalaga.com\\\/asilvestradas\\\/#website\"},\"datePublished\":\"2021-10-01T09:30:47+00:00\",\"dateModified\":\"2022-02-14T15:23:05+00:00\",\"description\":\"Durante el per\u00edodo de recogimiento de la humanidad provocado por la pandemia, Rosa Codina se centra en la observaci\u00f3n de la naturaleza y la belleza de las cosas.\",\"breadcrumb\":{\"@id\":\"https:\\\/\\\/onart.latermicamalaga.com\\\/asilvestradas\\\/#breadcrumb\"},\"inLanguage\":\"es\",\"potentialAction\":[{\"@type\":\"ReadAction\",\"target\":[\"https:\\\/\\\/onart.latermicamalaga.com\\\/asilvestradas\\\/\"]}]},{\"@type\":\"BreadcrumbList\",\"@id\":\"https:\\\/\\\/onart.latermicamalaga.com\\\/asilvestradas\\\/#breadcrumb\",\"itemListElement\":[{\"@type\":\"ListItem\",\"position\":1,\"name\":\"Portada\",\"item\":\"https:\\\/\\\/onart.latermicamalaga.com\\\/asilvestradas\\\/\"},{\"@type\":\"ListItem\",\"position\":2,\"name\":\"Inicio\"}]},{\"@type\":\"WebSite\",\"@id\":\"https:\\\/\\\/onart.latermicamalaga.com\\\/asilvestradas\\\/#website\",\"url\":\"https:\\\/\\\/onart.latermicamalaga.com\\\/asilvestradas\\\/\",\"name\":\"Asilvestradas\",\"description\":\"por Rosa Codina\",\"potentialAction\":[{\"@type\":\"SearchAction\",\"target\":{\"@type\":\"EntryPoint\",\"urlTemplate\":\"https:\\\/\\\/onart.latermicamalaga.com\\\/asilvestradas\\\/?s={search_term_string}\"},\"query-input\":{\"@type\":\"PropertyValueSpecification\",\"valueRequired\":true,\"valueName\":\"search_term_string\"}}],\"inLanguage\":\"es\"}]}<\/script>\n<!-- \/ Yoast SEO plugin. -->","yoast_head_json":{"title":"Asilvestradas por Rosa Codina | Exposici\u00f3n online | La T\u00e9rmica","description":"Durante el per\u00edodo de recogimiento de la humanidad provocado por la pandemia, Rosa Codina se centra en la observaci\u00f3n de la naturaleza y la belleza de las cosas.","robots":{"index":"index","follow":"follow","max-snippet":"max-snippet:-1","max-image-preview":"max-image-preview:large","max-video-preview":"max-video-preview:-1"},"canonical":"https:\/\/onart.latermicamalaga.com\/asilvestradas\/","og_locale":"es_ES","og_type":"article","og_title":"Asilvestradas por Rosa Codina | Exposici\u00f3n online | La T\u00e9rmica","og_description":"Durante el per\u00edodo de recogimiento de la humanidad provocado por la pandemia, Rosa Codina se centra en la observaci\u00f3n de la naturaleza y la belleza de las cosas.","og_url":"https:\/\/onart.latermicamalaga.com\/asilvestradas\/","og_site_name":"Asilvestradas","article_modified_time":"2022-02-14T15:23:05+00:00","twitter_card":"summary_large_image","twitter_misc":{"Est. reading time":"1 minute"},"schema":{"@context":"https:\/\/schema.org","@graph":[{"@type":"WebPage","@id":"https:\/\/onart.latermicamalaga.com\/asilvestradas\/","url":"https:\/\/onart.latermicamalaga.com\/asilvestradas\/","name":"Asilvestradas por Rosa Codina | Exposici\u00f3n online | La T\u00e9rmica","isPartOf":{"@id":"https:\/\/onart.latermicamalaga.com\/asilvestradas\/#website"},"datePublished":"2021-10-01T09:30:47+00:00","dateModified":"2022-02-14T15:23:05+00:00","description":"Durante el per\u00edodo de recogimiento de la humanidad provocado por la pandemia, Rosa Codina se centra en la observaci\u00f3n de la naturaleza y la belleza de las cosas.","breadcrumb":{"@id":"https:\/\/onart.latermicamalaga.com\/asilvestradas\/#breadcrumb"},"inLanguage":"es","potentialAction":[{"@type":"ReadAction","target":["https:\/\/onart.latermicamalaga.com\/asilvestradas\/"]}]},{"@type":"BreadcrumbList","@id":"https:\/\/onart.latermicamalaga.com\/asilvestradas\/#breadcrumb","itemListElement":[{"@type":"ListItem","position":1,"name":"Portada","item":"https:\/\/onart.latermicamalaga.com\/asilvestradas\/"},{"@type":"ListItem","position":2,"name":"Inicio"}]},{"@type":"WebSite","@id":"https:\/\/onart.latermicamalaga.com\/asilvestradas\/#website","url":"https:\/\/onart.latermicamalaga.com\/asilvestradas\/","name":"Asilvestradas","description":"por Rosa Codina","potentialAction":[{"@type":"SearchAction","target":{"@type":"EntryPoint","urlTemplate":"https:\/\/onart.latermicamalaga.com\/asilvestradas\/?s={search_term_string}"},"query-input":{"@type":"PropertyValueSpecification","valueRequired":true,"valueName":"search_term_string"}}],"inLanguage":"es"}]}},"_links":{"self":[{"href":"https:\/\/onart.latermicamalaga.com\/asilvestradas\/wp-json\/wp\/v2\/pages\/23","targetHints":{"allow":["GET"]}}],"collection":[{"href":"https:\/\/onart.latermicamalaga.com\/asilvestradas\/wp-json\/wp\/v2\/pages"}],"about":[{"href":"https:\/\/onart.latermicamalaga.com\/asilvestradas\/wp-json\/wp\/v2\/types\/page"}],"author":[{"embeddable":true,"href":"https:\/\/onart.latermicamalaga.com\/asilvestradas\/wp-json\/wp\/v2\/users\/1"}],"replies":[{"embeddable":true,"href":"https:\/\/onart.latermicamalaga.com\/asilvestradas\/wp-json\/wp\/v2\/comments?post=23"}],"version-history":[{"count":56,"href":"https:\/\/onart.latermicamalaga.com\/asilvestradas\/wp-json\/wp\/v2\/pages\/23\/revisions"}],"predecessor-version":[{"id":411,"href":"https:\/\/onart.latermicamalaga.com\/asilvestradas\/wp-json\/wp\/v2\/pages\/23\/revisions\/411"}],"wp:attachment":[{"href":"https:\/\/onart.latermicamalaga.com\/asilvestradas\/wp-json\/wp\/v2\/media?parent=23"}],"curies":[{"name":"wp","href":"https:\/\/api.w.org\/{rel}","templated":true}]}}