{"id":280,"date":"2021-11-04T12:27:22","date_gmt":"2021-11-04T12:27:22","guid":{"rendered":"https:\/\/asilvestradas.onart.latermicamalaga.com\/?page_id=280"},"modified":"2021-11-12T08:22:51","modified_gmt":"2021-11-12T08:22:51","slug":"accesibilidad","status":"publish","type":"page","link":"https:\/\/onart.latermicamalaga.com\/asilvestradas\/accesibilidad\/","title":{"rendered":"Accesibilidad"},"content":{"rendered":"<p>[et_pb_section fb_built=&#8221;1&#8243; _builder_version=&#8221;4.9.4&#8243; _module_preset=&#8221;default&#8221; background_color=&#8221;#000000&#8243; custom_margin=&#8221;0px||0px||true|false&#8221; custom_padding=&#8221;0px|5%|0px|5%|true|true&#8221; global_colors_info=&#8221;{}&#8221;][et_pb_row _builder_version=&#8221;4.9.4&#8243; _module_preset=&#8221;default&#8221; width=&#8221;100%&#8221; max_width=&#8221;100%&#8221; custom_margin=&#8221;0px||0.5em||false|false&#8221; custom_padding=&#8221;0px||3em||false|false&#8221; border_width_bottom=&#8221;1px&#8221; border_color_bottom=&#8221;rgba(255,255,255,0.4)&#8221; global_colors_info=&#8221;{}&#8221;][et_pb_column type=&#8221;4_4&#8243; _builder_version=&#8221;4.9.4&#8243; _module_preset=&#8221;default&#8221; global_colors_info=&#8221;{}&#8221;][et_pb_text _builder_version=&#8221;4.9.4&#8243; _module_preset=&#8221;default&#8221; text_font=&#8221;Nunito Sans||||||||&#8221; text_text_color=&#8221;#FFFFFF&#8221; text_font_size=&#8221;16px&#8221; header_font=&#8221;Nunito Sans|300|||||||&#8221; header_text_color=&#8221;#FFFFFF&#8221; header_font_size=&#8221;24px&#8221; global_colors_info=&#8221;{}&#8221;]<\/p>\n<h1>Declaraci\u00f3n de accesibilidad<\/h1>\n<p>[\/et_pb_text][et_pb_text _builder_version=&#8221;4.12.1&#8243; _module_preset=&#8221;default&#8221; text_font=&#8221;Nunito Sans||||||||&#8221; text_text_color=&#8221;#FFFFFF&#8221; text_font_size=&#8221;16px&#8221; link_font=&#8221;||||on||||&#8221; link_text_color=&#8221;#FFFFFF&#8221; header_font=&#8221;Nunito Sans|300|||||||&#8221; header_text_color=&#8221;#FFFFFF&#8221; header_font_size=&#8221;24px&#8221; header_2_font=&#8221;Nunito Sans|300|||||||&#8221; header_2_text_color=&#8221;#FFFFFF&#8221; header_2_font_size=&#8221;20px&#8221; hover_enabled=&#8221;0&#8243; global_colors_info=&#8221;{}&#8221; sticky_enabled=&#8221;0&#8243;]<\/p>\n<div class=\"et_pb_module et_pb_text et_pb_text_1  et_pb_text_align_left et_pb_bg_layout_light\">\n<div class=\"et_pb_text_inner\">\n<h2>Declaraci\u00f3n de Accesibilidad del Sitio web Asilvestradas<\/h2>\n<div class=\"region region-content\">\n<section id=\"block-system-main\" class=\"block block-system clearfix\">\n<article id=\"\" class=\"node node-page clearfix\">\n<div class=\"field field-name-body field-type-text-with-summary field-label-hidden\">\n<div class=\"field-items\">\n<div class=\"field-item even\">\n<p>En cumplimiento del art\u00edculo 15 del Real Decreto 1112\/2018, de 7 de septiembre, sobre accesibilidad de los sitios web y aplicaciones para dispositivos m\u00f3viles del sector p\u00fablico (en adelante, RD 1112\/2018), el sitio web del sitio web Asilvestradas emite la siguiente declaraci\u00f3n de accesibilidad respecto del sitio web<span>\u00a0<\/span><a href=\"https:\/\/onart.latermicamalaga.com\/asilvestradas\/\">https:\/\/onart.latermicamalaga.com\/asilvestradas\/<\/a>.<\/p>\n<\/div>\n<\/div>\n<\/div>\n<\/article>\n<\/section>\n<\/div>\n<\/div>\n<\/div>\n<div class=\"et_pb_module et_pb_text et_pb_text_2  et_pb_text_align_left et_pb_bg_layout_light\">\n<div class=\"et_pb_text_inner\">\n<div class=\"region region-content\">\n<section class=\"block block-system clearfix\">\n<article class=\"node node-page clearfix\">\n<div class=\"field field-name-body field-type-text-with-summary field-label-hidden\">\n<div class=\"field-items\">\n<div class=\"field-item even\">\n<h2>Situaci\u00f3n de cumplimiento<\/h2>\n<p>Este sitio web es en situaci\u00f3n de cumplimiento estimada parcialmente conforme, con una puntuaci\u00f3n de accesibilidad de 7.28 y nivel de adecuaci\u00f3n A, conforme con las disposiciones de RD 1112\/2018 debido a las excepciones y a la falta de conformidad de los aspectos que se indican a continuaci\u00f3n.<\/p>\n<\/div>\n<\/div>\n<\/div>\n<\/article>\n<\/section>\n<\/div>\n<\/div>\n<\/div>\n<div class=\"et_pb_module et_pb_text et_pb_text_3  et_pb_text_align_left et_pb_bg_layout_light\">\n<div class=\"et_pb_text_inner\">\n<div class=\"region region-content\">\n<section class=\"block block-system clearfix\">\n<article class=\"node node-page clearfix\">\n<div class=\"field field-name-body field-type-text-with-summary field-label-hidden\">\n<div class=\"field-items\">\n<div class=\"field-item even\">\n<h2>Contenido no accesible<\/h2>\n<ul>\n<li>Generaci\u00f3n de contenido desde las hojas de estilo: Se incluyen l\u00edneas de CSS est\u00e1tico generadas por el tema web que incluir\u00edan iconos pero que no tienen uso.<\/li>\n<li>Ausencia de un enlace al mapa web y de un buscador en el sitio: Debido a la baja profuncidad de la web, no se considera esencial el uso de mapa web y buscador.<\/li>\n<li>Lista no ordenada mal construida: El tema web genera dinamicamente las listas no ordenadas del men\u00fa en funci\u00f3n del dispositivo, por lo que algunas listas pueden estar vac\u00edas.<\/li>\n<li>Indicador del foco del teclado no visible: El CSS est\u00e1tico generado por el tema web, deshabilitando el foco de teclado pero se vuelve a habilitar con hojas de estilo externas para mejorar su visibilidad.<\/li>\n<\/ul>\n<\/div>\n<\/div>\n<\/div>\n<\/article>\n<\/section>\n<\/div>\n<\/div>\n<\/div>\n<div class=\"et_pb_module et_pb_text et_pb_text_4  et_pb_text_align_left et_pb_bg_layout_light\">\n<div class=\"et_pb_text_inner\">\n<div class=\"region region-content\">\n<section class=\"block block-system clearfix\">\n<article class=\"node node-page clearfix\">\n<div class=\"field field-name-body field-type-text-with-summary field-label-hidden\">\n<div class=\"field-items\">\n<div class=\"field-item even\">\n<h2>Preparaci\u00f3n de la presente declaraci\u00f3n de accesibilidad<\/h2>\n<p>La presente declaraci\u00f3n fue preparada el 27 de Octubre de 2021.<\/p>\n<p>El m\u00e9todo empleado para preparar la declaraci\u00f3n ha sido una autoevaluaci\u00f3n llevada a cabo por el propio Organismo.<\/p>\n<p>\u00daltima revisi\u00f3n de la declaraci\u00f3n: 04 de Noviembre de 2021 .<\/p>\n<\/div>\n<\/div>\n<\/div>\n<\/article>\n<\/section>\n<\/div>\n<\/div>\n<\/div>\n<div class=\"et_pb_module et_pb_text et_pb_text_5  et_pb_text_align_left et_pb_bg_layout_light\">\n<div class=\"et_pb_text_inner\">\n<div class=\"region region-content\">\n<section class=\"block block-system clearfix\">\n<article class=\"node node-page clearfix\">\n<div class=\"field field-name-body field-type-text-with-summary field-label-hidden\">\n<div class=\"field-items\">\n<div class=\"field-item even\">\n<h2>Observaciones y datos de contacto<\/h2>\n<p>A trav\u00e9s del email<span>\u00a0<a href=\"mailto:contacto@latermicamalaga.com\">contacto@latermicamalaga.com<\/a><\/span>, cualquier ciudadano o interesado puede realizar comunicaciones sobre requisitos de accesibilidad (art\u00edculo 10.2.a) del RD 1112\/2018), como por ejemplo:<\/p>\n<ul>\n<li>Informar sobre cualquier posible incumplimiento por parte de este sitio web.<\/li>\n<li>Transmitir otras dificultades de acceso al contenido.<\/li>\n<li>Formular cualquier otra consulta o sugerencia de mejora relativa a la accesibilidad del sitio web.<\/li>\n<\/ul>\n<p>Las comunicaciones ser\u00e1n recibidas y tratadas por la Unidad responsable de accesibilidad de La T\u00e9rmica M\u00e1laga.<\/p>\n<\/div>\n<\/div>\n<\/div>\n<\/article>\n<\/section>\n<\/div>\n<\/div>\n<\/div>\n<div class=\"et_pb_module et_pb_text et_pb_text_6  et_pb_text_align_left et_pb_bg_layout_light\">\n<div class=\"et_pb_text_inner\">\n<div class=\"region region-content\">\n<section class=\"block block-system clearfix\">\n<article class=\"node node-page clearfix\">\n<div class=\"field field-name-body field-type-text-with-summary field-label-hidden\">\n<div class=\"field-items\">\n<div class=\"field-item even\">\n<h2>Procedimiento de aplicaci\u00f3n<\/h2>\n<p><span>Las previsiones relativas al procedimiento de reclamaci\u00f3n recogido en el art\u00edculo 13 del RD 1112\/2018 entrar\u00e1n en vigor el \u2026 (disposici\u00f3n final quinta del RD 1112\/2018).<\/span><\/p>\n<\/div>\n<\/div>\n<\/div>\n<\/article>\n<\/section>\n<\/div>\n<\/div>\n<\/div>\n<p>[\/et_pb_text][\/et_pb_column][\/et_pb_row][\/et_pb_section]<\/p>\n","protected":false},"excerpt":{"rendered":"<p>Declaraci\u00f3n de accesibilidad Declaraci\u00f3n de Accesibilidad del Sitio web Asilvestradas En cumplimiento del art\u00edculo 15 del Real Decreto 1112\/2018, de 7 de septiembre, sobre accesibilidad de los sitios web y aplicaciones para dispositivos m\u00f3viles del sector p\u00fablico (en adelante, RD 1112\/2018), el sitio web del sitio web Asilvestradas emite la siguiente declaraci\u00f3n de accesibilidad respecto [&hellip;]<\/p>\n","protected":false},"author":1,"featured_media":0,"parent":0,"menu_order":0,"comment_status":"closed","ping_status":"closed","template":"","meta":{"_et_pb_use_builder":"on","_et_pb_old_content":"","_et_gb_content_width":"","inline_featured_image":false,"footnotes":""},"class_list":["post-280","page","type-page","status-publish","hentry"],"yoast_head":"<!-- This site is optimized with the Yoast SEO plugin v27.3 - https:\/\/yoast.com\/product\/yoast-seo-wordpress\/ -->\n<title>Asilvestradas por Rosa Codina | Accesibilidad<\/title>\n<meta name=\"description\" content=\"Declaraci\u00f3n de Accesibilidad del Sitio web Asilvestradas. Situaci\u00f3n de cumplimiento. Contenido no accesible. Preparaci\u00f3n de la presente declaraci\u00f3n de accesibilidad.\" \/>\n<meta name=\"robots\" content=\"index, follow, max-snippet:-1, max-image-preview:large, max-video-preview:-1\" \/>\n<link rel=\"canonical\" href=\"https:\/\/onart.latermicamalaga.com\/asilvestradas\/accesibilidad\/\" \/>\n<meta property=\"og:locale\" content=\"es_ES\" \/>\n<meta property=\"og:type\" content=\"article\" \/>\n<meta property=\"og:title\" content=\"Asilvestradas por Rosa Codina | Accesibilidad\" \/>\n<meta property=\"og:description\" content=\"Declaraci\u00f3n de Accesibilidad del Sitio web Asilvestradas. Situaci\u00f3n de cumplimiento. Contenido no accesible. Preparaci\u00f3n de la presente declaraci\u00f3n de accesibilidad.\" \/>\n<meta property=\"og:url\" content=\"https:\/\/onart.latermicamalaga.com\/asilvestradas\/accesibilidad\/\" \/>\n<meta property=\"og:site_name\" content=\"Asilvestradas\" \/>\n<meta property=\"article:modified_time\" content=\"2021-11-12T08:22:51+00:00\" \/>\n<meta name=\"twitter:card\" content=\"summary_large_image\" \/>\n<meta name=\"twitter:label1\" content=\"Est. reading time\" \/>\n\t<meta name=\"twitter:data1\" content=\"3 minutes\" \/>\n<script type=\"application\/ld+json\" class=\"yoast-schema-graph\">{\"@context\":\"https:\\\/\\\/schema.org\",\"@graph\":[{\"@type\":\"WebPage\",\"@id\":\"https:\\\/\\\/onart.latermicamalaga.com\\\/asilvestradas\\\/accesibilidad\\\/\",\"url\":\"https:\\\/\\\/onart.latermicamalaga.com\\\/asilvestradas\\\/accesibilidad\\\/\",\"name\":\"Asilvestradas por Rosa Codina | Accesibilidad\",\"isPartOf\":{\"@id\":\"https:\\\/\\\/onart.latermicamalaga.com\\\/asilvestradas\\\/#website\"},\"datePublished\":\"2021-11-04T12:27:22+00:00\",\"dateModified\":\"2021-11-12T08:22:51+00:00\",\"description\":\"Declaraci\u00f3n de Accesibilidad del Sitio web Asilvestradas. Situaci\u00f3n de cumplimiento. Contenido no accesible. Preparaci\u00f3n de la presente declaraci\u00f3n de accesibilidad.\",\"breadcrumb\":{\"@id\":\"https:\\\/\\\/onart.latermicamalaga.com\\\/asilvestradas\\\/accesibilidad\\\/#breadcrumb\"},\"inLanguage\":\"es\",\"potentialAction\":[{\"@type\":\"ReadAction\",\"target\":[\"https:\\\/\\\/onart.latermicamalaga.com\\\/asilvestradas\\\/accesibilidad\\\/\"]}]},{\"@type\":\"BreadcrumbList\",\"@id\":\"https:\\\/\\\/onart.latermicamalaga.com\\\/asilvestradas\\\/accesibilidad\\\/#breadcrumb\",\"itemListElement\":[{\"@type\":\"ListItem\",\"position\":1,\"name\":\"Portada\",\"item\":\"https:\\\/\\\/onart.latermicamalaga.com\\\/asilvestradas\\\/\"},{\"@type\":\"ListItem\",\"position\":2,\"name\":\"Accesibilidad\"}]},{\"@type\":\"WebSite\",\"@id\":\"https:\\\/\\\/onart.latermicamalaga.com\\\/asilvestradas\\\/#website\",\"url\":\"https:\\\/\\\/onart.latermicamalaga.com\\\/asilvestradas\\\/\",\"name\":\"Asilvestradas\",\"description\":\"por Rosa Codina\",\"potentialAction\":[{\"@type\":\"SearchAction\",\"target\":{\"@type\":\"EntryPoint\",\"urlTemplate\":\"https:\\\/\\\/onart.latermicamalaga.com\\\/asilvestradas\\\/?s={search_term_string}\"},\"query-input\":{\"@type\":\"PropertyValueSpecification\",\"valueRequired\":true,\"valueName\":\"search_term_string\"}}],\"inLanguage\":\"es\"}]}<\/script>\n<!-- \/ Yoast SEO plugin. -->","yoast_head_json":{"title":"Asilvestradas por Rosa Codina | Accesibilidad","description":"Declaraci\u00f3n de Accesibilidad del Sitio web Asilvestradas. Situaci\u00f3n de cumplimiento. Contenido no accesible. Preparaci\u00f3n de la presente declaraci\u00f3n de accesibilidad.","robots":{"index":"index","follow":"follow","max-snippet":"max-snippet:-1","max-image-preview":"max-image-preview:large","max-video-preview":"max-video-preview:-1"},"canonical":"https:\/\/onart.latermicamalaga.com\/asilvestradas\/accesibilidad\/","og_locale":"es_ES","og_type":"article","og_title":"Asilvestradas por Rosa Codina | Accesibilidad","og_description":"Declaraci\u00f3n de Accesibilidad del Sitio web Asilvestradas. Situaci\u00f3n de cumplimiento. Contenido no accesible. Preparaci\u00f3n de la presente declaraci\u00f3n de accesibilidad.","og_url":"https:\/\/onart.latermicamalaga.com\/asilvestradas\/accesibilidad\/","og_site_name":"Asilvestradas","article_modified_time":"2021-11-12T08:22:51+00:00","twitter_card":"summary_large_image","twitter_misc":{"Est. reading time":"3 minutes"},"schema":{"@context":"https:\/\/schema.org","@graph":[{"@type":"WebPage","@id":"https:\/\/onart.latermicamalaga.com\/asilvestradas\/accesibilidad\/","url":"https:\/\/onart.latermicamalaga.com\/asilvestradas\/accesibilidad\/","name":"Asilvestradas por Rosa Codina | Accesibilidad","isPartOf":{"@id":"https:\/\/onart.latermicamalaga.com\/asilvestradas\/#website"},"datePublished":"2021-11-04T12:27:22+00:00","dateModified":"2021-11-12T08:22:51+00:00","description":"Declaraci\u00f3n de Accesibilidad del Sitio web Asilvestradas. Situaci\u00f3n de cumplimiento. Contenido no accesible. Preparaci\u00f3n de la presente declaraci\u00f3n de accesibilidad.","breadcrumb":{"@id":"https:\/\/onart.latermicamalaga.com\/asilvestradas\/accesibilidad\/#breadcrumb"},"inLanguage":"es","potentialAction":[{"@type":"ReadAction","target":["https:\/\/onart.latermicamalaga.com\/asilvestradas\/accesibilidad\/"]}]},{"@type":"BreadcrumbList","@id":"https:\/\/onart.latermicamalaga.com\/asilvestradas\/accesibilidad\/#breadcrumb","itemListElement":[{"@type":"ListItem","position":1,"name":"Portada","item":"https:\/\/onart.latermicamalaga.com\/asilvestradas\/"},{"@type":"ListItem","position":2,"name":"Accesibilidad"}]},{"@type":"WebSite","@id":"https:\/\/onart.latermicamalaga.com\/asilvestradas\/#website","url":"https:\/\/onart.latermicamalaga.com\/asilvestradas\/","name":"Asilvestradas","description":"por Rosa Codina","potentialAction":[{"@type":"SearchAction","target":{"@type":"EntryPoint","urlTemplate":"https:\/\/onart.latermicamalaga.com\/asilvestradas\/?s={search_term_string}"},"query-input":{"@type":"PropertyValueSpecification","valueRequired":true,"valueName":"search_term_string"}}],"inLanguage":"es"}]}},"_links":{"self":[{"href":"https:\/\/onart.latermicamalaga.com\/asilvestradas\/wp-json\/wp\/v2\/pages\/280","targetHints":{"allow":["GET"]}}],"collection":[{"href":"https:\/\/onart.latermicamalaga.com\/asilvestradas\/wp-json\/wp\/v2\/pages"}],"about":[{"href":"https:\/\/onart.latermicamalaga.com\/asilvestradas\/wp-json\/wp\/v2\/types\/page"}],"author":[{"embeddable":true,"href":"https:\/\/onart.latermicamalaga.com\/asilvestradas\/wp-json\/wp\/v2\/users\/1"}],"replies":[{"embeddable":true,"href":"https:\/\/onart.latermicamalaga.com\/asilvestradas\/wp-json\/wp\/v2\/comments?post=280"}],"version-history":[{"count":9,"href":"https:\/\/onart.latermicamalaga.com\/asilvestradas\/wp-json\/wp\/v2\/pages\/280\/revisions"}],"predecessor-version":[{"id":298,"href":"https:\/\/onart.latermicamalaga.com\/asilvestradas\/wp-json\/wp\/v2\/pages\/280\/revisions\/298"}],"wp:attachment":[{"href":"https:\/\/onart.latermicamalaga.com\/asilvestradas\/wp-json\/wp\/v2\/media?parent=280"}],"curies":[{"name":"wp","href":"https:\/\/api.w.org\/{rel}","templated":true}]}}