{"id":302,"date":"2021-11-15T15:20:47","date_gmt":"2021-11-15T15:20:47","guid":{"rendered":"https:\/\/asilvestradas.onart.latermicamalaga.com\/?page_id=302"},"modified":"2021-11-19T09:44:34","modified_gmt":"2021-11-19T09:44:34","slug":"politica-de-cookies","status":"publish","type":"page","link":"https:\/\/onart.latermicamalaga.com\/asilvestradas\/politica-de-cookies\/","title":{"rendered":"Pol\u00edtica de cookies"},"content":{"rendered":"<p>[et_pb_section fb_built=&#8221;1&#8243; _builder_version=&#8221;4.9.4&#8243; _module_preset=&#8221;default&#8221; background_color=&#8221;#000000&#8243; custom_margin=&#8221;0px||0px||true|false&#8221; custom_padding=&#8221;0px|5%|0px|5%|true|true&#8221; global_colors_info=&#8221;{}&#8221;][et_pb_row _builder_version=&#8221;4.9.4&#8243; _module_preset=&#8221;default&#8221; width=&#8221;100%&#8221; max_width=&#8221;100%&#8221; custom_margin=&#8221;0px||0.5em||false|false&#8221; custom_padding=&#8221;0px||3em||false|false&#8221; border_width_bottom=&#8221;1px&#8221; border_color_bottom=&#8221;rgba(255,255,255,0.4)&#8221; global_colors_info=&#8221;{}&#8221;][et_pb_column type=&#8221;4_4&#8243; _builder_version=&#8221;4.9.4&#8243; _module_preset=&#8221;default&#8221; global_colors_info=&#8221;{}&#8221;][et_pb_text _builder_version=&#8221;4.12.1&#8243; _module_preset=&#8221;default&#8221; text_font=&#8221;Nunito Sans||||||||&#8221; text_text_color=&#8221;#FFFFFF&#8221; text_font_size=&#8221;16px&#8221; header_font=&#8221;Nunito Sans|300|||||||&#8221; header_text_color=&#8221;#FFFFFF&#8221; header_font_size=&#8221;24px&#8221; hover_enabled=&#8221;0&#8243; global_colors_info=&#8221;{}&#8221; sticky_enabled=&#8221;0&#8243;]<\/p>\n<h1>Cookies<\/h1>\n<p>[\/et_pb_text][et_pb_text _builder_version=&#8221;4.12.1&#8243; _module_preset=&#8221;default&#8221; text_font=&#8221;Nunito Sans||||||||&#8221; text_text_color=&#8221;#FFFFFF&#8221; text_font_size=&#8221;16px&#8221; link_font=&#8221;||||on||||&#8221; link_text_color=&#8221;#FFFFFF&#8221; header_font=&#8221;Nunito Sans|300|||||||&#8221; header_text_color=&#8221;#FFFFFF&#8221; header_font_size=&#8221;24px&#8221; header_2_font=&#8221;Nunito Sans|300|||||||&#8221; header_2_text_color=&#8221;#FFFFFF&#8221; header_2_font_size=&#8221;20px&#8221; hover_enabled=&#8221;0&#8243; global_colors_info=&#8221;{}&#8221; sticky_enabled=&#8221;0&#8243;]<\/p>\n<p><span>La Diputaci\u00f3n de M\u00e1laga usa cookies para proporcionar sus servicios web y para ayudar a recopilar datos. Las cookies nos permiten, entre otras cosas, guardar sus preferencias y configuraci\u00f3n; le permite iniciar sesi\u00f3n, proporcionan publicidad basada en intereses, luchan contra el fraude y analizan el rendimiento de nuestros servicios de sitios web.<\/span><\/p>\n<p>[\/et_pb_text][et_pb_text _builder_version=&#8221;4.12.1&#8243; _module_preset=&#8221;default&#8221; text_font=&#8221;Nunito Sans||||||||&#8221; text_text_color=&#8221;#FFFFFF&#8221; text_font_size=&#8221;16px&#8221; link_font=&#8221;||||on||||&#8221; link_text_color=&#8221;#FFFFFF&#8221; header_font=&#8221;Nunito Sans|300|||||||&#8221; header_text_color=&#8221;#FFFFFF&#8221; header_font_size=&#8221;24px&#8221; header_2_font=&#8221;Nunito Sans|300|||||||&#8221; header_2_text_color=&#8221;#FFFFFF&#8221; header_2_font_size=&#8221;20px&#8221; hover_enabled=&#8221;0&#8243; global_colors_info=&#8221;{}&#8221; sticky_enabled=&#8221;0&#8243;]<\/p>\n<p><strong>\u00bfQu\u00e9 son las cookies?<\/strong><\/p>\n<p>Las cookies son peque\u00f1os archivos que se instalan en los equipos al visitar las p\u00e1ginas web. Se utilizan para realizar determinadas funciones que mejoran la experiencia de usuario y permiten una navegaci\u00f3n m\u00e1s \u00fatil.<\/p>\n<p>[\/et_pb_text][et_pb_text _builder_version=&#8221;4.12.1&#8243; _module_preset=&#8221;default&#8221; text_font=&#8221;Nunito Sans||||||||&#8221; text_text_color=&#8221;#FFFFFF&#8221; text_font_size=&#8221;16px&#8221; link_font=&#8221;||||on||||&#8221; link_text_color=&#8221;#FFFFFF&#8221; header_font=&#8221;Nunito Sans|300|||||||&#8221; header_text_color=&#8221;#FFFFFF&#8221; header_font_size=&#8221;24px&#8221; header_2_font=&#8221;Nunito Sans|300|||||||&#8221; header_2_text_color=&#8221;#FFFFFF&#8221; header_2_font_size=&#8221;20px&#8221; hover_enabled=&#8221;0&#8243; global_colors_info=&#8221;{}&#8221; sticky_enabled=&#8221;0&#8243;]<\/p>\n<p><strong>\u00bfQu\u00e9 tipo de cookies usa esta web?<\/strong><\/p>\n<p>En esta web se utilizan los siguientes tipos:<\/p>\n<ul>\n<li>Cookies t\u00e9cnicas. Se utilizan para el mantenimiento de la sesi\u00f3n en los lugares de acceso restringido que requieren autenticaci\u00f3n mediante usuario y contrase\u00f1a o certificado digital. Si se deshabilitan las cookies, no se podr\u00e1 acceder a estas secciones. Una vez finalizada la sesi\u00f3n, pueden ser eliminadas sin problema.<\/li>\n<li>Cookies de personalizaci\u00f3n. Se utilizan para que el navegador pueda recordar preferencias en un equipo concreto, como el idioma de navegaci\u00f3n o las opciones preferidas. Si se deshabilitan las cookies, se deber\u00e1 configurar las preferencias en cada visita a la web.<\/li>\n<li>Cookies de an\u00e1lisis. Se utilizan para medir y analizar la navegaci\u00f3n de los usuarios con idea de mejorar los contenidos y servicios prestados. No se obtiene informaci\u00f3n personal del usuario, s\u00f3lo informaci\u00f3n an\u00f3nima como\u00a0 el n\u00famero de usuarios, n\u00famero de p\u00e1ginas visitadas, frecuencia y repetici\u00f3n de las visitas,\u00a0 duraci\u00f3n, navegador utilizado, operador, idioma de navegaci\u00f3n o la direcci\u00f3n IP de origen del equipo. Esta p\u00e1gina web utiliza Google Analytics, un servicio de anal\u00edtica web desarrollado por Google. Si se deshabilitan las cookies, no se realizar\u00e1 ning\u00fan an\u00e1lisis estad\u00edstico pero la web funcionar\u00e1 correctamente.<\/li>\n<\/ul>\n<p>En ninguna de las cookies anteriores se almacena informaci\u00f3n que permita identificar al usuario, tal como nombres, apellidos o direcci\u00f3n de correo electr\u00f3nico o postal, ni se utilizan para obtener o acceder ning\u00fan tipo de informaci\u00f3n personal del usuario.<\/p>\n<p>[\/et_pb_text][et_pb_text _builder_version=&#8221;4.12.1&#8243; _module_preset=&#8221;default&#8221; text_font=&#8221;Nunito Sans||||||||&#8221; text_text_color=&#8221;#FFFFFF&#8221; text_font_size=&#8221;16px&#8221; link_font=&#8221;||||on||||&#8221; link_text_color=&#8221;#FFFFFF&#8221; header_font=&#8221;Nunito Sans|300|||||||&#8221; header_text_color=&#8221;#FFFFFF&#8221; header_font_size=&#8221;24px&#8221; header_2_font=&#8221;Nunito Sans|300|||||||&#8221; header_2_text_color=&#8221;#FFFFFF&#8221; header_2_font_size=&#8221;20px&#8221; hover_enabled=&#8221;0&#8243; global_colors_info=&#8221;{}&#8221; sticky_enabled=&#8221;0&#8243;]<\/p>\n<p><strong>\u00bfC\u00f3mo puedo impedir que se usen las cookies?<\/strong><\/p>\n<p>Se puede configurar el navegador para que no utilice cookies o que informe cuando se instale alguna en el equipo. Esta configuraci\u00f3n depende del navegador y ser\u00e1 necesario consultar la informaci\u00f3n del desarrollador para saber c\u00f3mo autorizar, bloquear o eliminarlas del navegador:<\/p>\n<ul>\n<li><span><\/span><a href=\"https:\/\/support.microsoft.com\/es-es\/windows?ui=es-ES&amp;rs=es-ES&amp;ad=ES\" role=\"link\">Explorer<\/a><\/li>\n<li><span><\/span><a href=\"https:\/\/support.google.com\/chrome\/answer\/95647?hl=es\" role=\"link\">Chrome<\/a><\/li>\n<li><span><\/span><a href=\"https:\/\/support.mozilla.org\/es\/products\/firefox\/privacy-and-security\/cookies\" role=\"link\">Firefox<\/a><\/li>\n<li><span><\/span><a href=\"https:\/\/support.apple.com\/es-es\/guide\/safari\/sfri11471\/mac\" role=\"link\">Safari<\/a><\/li>\n<li><span><\/span><a href=\"https:\/\/help.opera.com\/en\/latest\/web-preferences\/#cookies\" role=\"link\">Opera<\/a><\/li>\n<\/ul>\n<p>&nbsp;<\/p>\n<p>Este portal Web utiliza las cookies que se relacionan a continuaci\u00f3n:<\/p>\n<p>[\/et_pb_text][et_pb_text _builder_version=&#8221;4.12.1&#8243; _module_preset=&#8221;default&#8221; text_font=&#8221;Nunito Sans||||||||&#8221; text_text_color=&#8221;#FFFFFF&#8221; text_font_size=&#8221;16px&#8221; link_font=&#8221;||||on||||&#8221; link_text_color=&#8221;#FFFFFF&#8221; header_font=&#8221;Nunito Sans|300|||||||&#8221; header_text_color=&#8221;#FFFFFF&#8221; header_font_size=&#8221;24px&#8221; header_2_font=&#8221;Nunito Sans|300|||||||&#8221; header_2_text_color=&#8221;#FFFFFF&#8221; header_2_font_size=&#8221;20px&#8221; hover_enabled=&#8221;0&#8243; global_colors_info=&#8221;{}&#8221; sticky_enabled=&#8221;0&#8243;]<\/p>\n<table class=\"cookietabla\">\n<tbody>\n<tr style=\"height: 24px;\">\n<td style=\"height: 24px; width: 136px;\"><b>Propiedad<\/b><\/td>\n<td style=\"height: 24px; width: 171.297px;\"><b>Cookie<\/b><\/td>\n<td style=\"height: 24px; width: 205.984px;\"><b>Finalidad<\/b><\/td>\n<td style=\"height: 24px; width: 97px;\"><b>Plazo<\/b><\/td>\n<td style=\"height: 24px; width: 88.9688px;\"><b>Tipo<\/b><\/td>\n<\/tr>\n<tr style=\"height: 48px;\">\n<td style=\"height: 48px; width: 136px;\">welovewebs.es<\/td>\n<td style=\"height: 48px; width: 171.297px;\">cookie_notice_accepted<\/td>\n<td style=\"height: 48px; width: 205.984px;\">Controla la instalaci\u00f3n de cookies anal\u00edticas y scripts.<\/td>\n<td style=\"height: 48px; width: 97px;\">Un mes<\/td>\n<td style=\"height: 48px; width: 88.9688px;\">T\u00e9cnicas y funcionales<\/td>\n<\/tr>\n<tr>\n<td style=\"width: 136px;\">wpcerber.com<\/td>\n<td style=\"width: 171.297px;\">cerber_<\/td>\n<td style=\"width: 205.984px;\">Se instalan de 2 a 6 cookies aleatorias con fines de seguridad. <span>Esas cookies permiten a WP Cerber distinguir entre usuarios registrados y visitantes no registrados, as\u00ed como robots de motores de b\u00fasqueda y spammers. Seg\u00fan el conjunto de cookies en una solicitud, WP Cerber restringe el acceso a las \u00e1reas protegidas, el formulario de inicio de sesi\u00f3n y el panel de WordPress.<\/span> Las cookies de WP Cerber son estrictamente necesarias y ninguna persona f\u00edsica est\u00e1 asociada con las cookies. <span>Las cookies contienen valores alfanum\u00e9ricos generados aleatoriamente. No se utilizan datos personales.<\/span><\/td>\n<td style=\"width: 97px;\">Entre 1 y 15 d\u00edas.<\/td>\n<td style=\"width: 88.9688px;\">T\u00e9cnicas y funcionales<\/td>\n<\/tr>\n<tr style=\"height: 96px;\">\n<td style=\"height: 96px; width: 136px;\">google.com<\/td>\n<td style=\"height: 96px; width: 171.297px;\">_gid<\/td>\n<td style=\"height: 96px; width: 205.984px;\">ID utiliza para identificar a los usuarios durante 24 horas despu\u00e9s de la \u00faltima actividad<\/td>\n<td style=\"height: 96px; width: 97px;\">En 20 horas<\/td>\n<td style=\"height: 96px; width: 88.9688px;\">Anal\u00edticas<\/td>\n<\/tr>\n<tr style=\"height: 48px;\">\n<td style=\"height: 48px; width: 136px;\">google.com<\/td>\n<td style=\"height: 48px; width: 171.297px;\">_ga<\/td>\n<td style=\"height: 48px; width: 205.984px;\">ID utiliza para identificar a los usuarios<\/td>\n<td style=\"height: 48px; width: 97px;\">En 2 a\u00f1os<\/td>\n<td style=\"height: 48px; width: 88.9688px;\">Anal\u00edticas<\/td>\n<\/tr>\n<tr style=\"height: 24px;\">\n<td style=\"height: 24px; width: 136px;\">google.com<\/td>\n<td style=\"height: 24px; width: 171.297px;\">_gat_<\/td>\n<td style=\"height: 24px; width: 205.984px;\">Usada por Google Tag Manager para asociar la cuenta de Google Analytics. A\u00f1ade el ID de Analytics al nombre de la cookie.<\/td>\n<td style=\"height: 24px; width: 97px;\">Un minuto<\/td>\n<td style=\"height: 24px; width: 88.9688px;\">Anal\u00edticas<\/td>\n<\/tr>\n<\/tbody>\n<\/table>\n<p>[\/et_pb_text][\/et_pb_column][\/et_pb_row][\/et_pb_section]<\/p>\n","protected":false},"excerpt":{"rendered":"<p>CookiesLa Diputaci\u00f3n de M\u00e1laga usa cookies para proporcionar sus servicios web y para ayudar a recopilar datos. Las cookies nos permiten, entre otras cosas, guardar sus preferencias y configuraci\u00f3n; le permite iniciar sesi\u00f3n, proporcionan publicidad basada en intereses, luchan contra el fraude y analizan el rendimiento de nuestros servicios de sitios web.\u00bfQu\u00e9 son las cookies? [&hellip;]<\/p>\n","protected":false},"author":1,"featured_media":0,"parent":0,"menu_order":0,"comment_status":"closed","ping_status":"closed","template":"","meta":{"_et_pb_use_builder":"on","_et_pb_old_content":"","_et_gb_content_width":"","inline_featured_image":false,"footnotes":""},"class_list":["post-302","page","type-page","status-publish","hentry"],"yoast_head":"<!-- This site is optimized with the Yoast SEO plugin v27.3 - https:\/\/yoast.com\/product\/yoast-seo-wordpress\/ -->\n<title>Asilvestradas por Rosa Codina | Pol\u00edtica de cookies<\/title>\n<meta name=\"description\" content=\"Pol\u00edtica de cookies de Asilvestradas. Cookies utilizadas en este sitio web. Desactivaci\u00f3n o eliminaci\u00f3n de cookies.\" \/>\n<meta name=\"robots\" content=\"index, follow, max-snippet:-1, max-image-preview:large, max-video-preview:-1\" \/>\n<link rel=\"canonical\" href=\"https:\/\/onart.latermicamalaga.com\/asilvestradas\/politica-de-cookies\/\" \/>\n<meta property=\"og:locale\" content=\"es_ES\" \/>\n<meta property=\"og:type\" content=\"article\" \/>\n<meta property=\"og:title\" content=\"Asilvestradas por Rosa Codina | Pol\u00edtica de cookies\" \/>\n<meta property=\"og:description\" content=\"Pol\u00edtica de cookies de Asilvestradas. Cookies utilizadas en este sitio web. Desactivaci\u00f3n o eliminaci\u00f3n de cookies.\" \/>\n<meta property=\"og:url\" content=\"https:\/\/onart.latermicamalaga.com\/asilvestradas\/politica-de-cookies\/\" \/>\n<meta property=\"og:site_name\" content=\"Asilvestradas\" \/>\n<meta property=\"article:modified_time\" content=\"2021-11-19T09:44:34+00:00\" \/>\n<meta name=\"twitter:card\" content=\"summary_large_image\" \/>\n<meta name=\"twitter:label1\" content=\"Est. reading time\" \/>\n\t<meta name=\"twitter:data1\" content=\"5 minutes\" \/>\n<script type=\"application\/ld+json\" class=\"yoast-schema-graph\">{\"@context\":\"https:\\\/\\\/schema.org\",\"@graph\":[{\"@type\":\"WebPage\",\"@id\":\"https:\\\/\\\/onart.latermicamalaga.com\\\/asilvestradas\\\/politica-de-cookies\\\/\",\"url\":\"https:\\\/\\\/onart.latermicamalaga.com\\\/asilvestradas\\\/politica-de-cookies\\\/\",\"name\":\"Asilvestradas por Rosa Codina | Pol\u00edtica de cookies\",\"isPartOf\":{\"@id\":\"https:\\\/\\\/onart.latermicamalaga.com\\\/asilvestradas\\\/#website\"},\"datePublished\":\"2021-11-15T15:20:47+00:00\",\"dateModified\":\"2021-11-19T09:44:34+00:00\",\"description\":\"Pol\u00edtica de cookies de Asilvestradas. Cookies utilizadas en este sitio web. Desactivaci\u00f3n o eliminaci\u00f3n de cookies.\",\"breadcrumb\":{\"@id\":\"https:\\\/\\\/onart.latermicamalaga.com\\\/asilvestradas\\\/politica-de-cookies\\\/#breadcrumb\"},\"inLanguage\":\"es\",\"potentialAction\":[{\"@type\":\"ReadAction\",\"target\":[\"https:\\\/\\\/onart.latermicamalaga.com\\\/asilvestradas\\\/politica-de-cookies\\\/\"]}]},{\"@type\":\"BreadcrumbList\",\"@id\":\"https:\\\/\\\/onart.latermicamalaga.com\\\/asilvestradas\\\/politica-de-cookies\\\/#breadcrumb\",\"itemListElement\":[{\"@type\":\"ListItem\",\"position\":1,\"name\":\"Portada\",\"item\":\"https:\\\/\\\/onart.latermicamalaga.com\\\/asilvestradas\\\/\"},{\"@type\":\"ListItem\",\"position\":2,\"name\":\"Pol\u00edtica de cookies\"}]},{\"@type\":\"WebSite\",\"@id\":\"https:\\\/\\\/onart.latermicamalaga.com\\\/asilvestradas\\\/#website\",\"url\":\"https:\\\/\\\/onart.latermicamalaga.com\\\/asilvestradas\\\/\",\"name\":\"Asilvestradas\",\"description\":\"por Rosa Codina\",\"potentialAction\":[{\"@type\":\"SearchAction\",\"target\":{\"@type\":\"EntryPoint\",\"urlTemplate\":\"https:\\\/\\\/onart.latermicamalaga.com\\\/asilvestradas\\\/?s={search_term_string}\"},\"query-input\":{\"@type\":\"PropertyValueSpecification\",\"valueRequired\":true,\"valueName\":\"search_term_string\"}}],\"inLanguage\":\"es\"}]}<\/script>\n<!-- \/ Yoast SEO plugin. -->","yoast_head_json":{"title":"Asilvestradas por Rosa Codina | Pol\u00edtica de cookies","description":"Pol\u00edtica de cookies de Asilvestradas. Cookies utilizadas en este sitio web. Desactivaci\u00f3n o eliminaci\u00f3n de cookies.","robots":{"index":"index","follow":"follow","max-snippet":"max-snippet:-1","max-image-preview":"max-image-preview:large","max-video-preview":"max-video-preview:-1"},"canonical":"https:\/\/onart.latermicamalaga.com\/asilvestradas\/politica-de-cookies\/","og_locale":"es_ES","og_type":"article","og_title":"Asilvestradas por Rosa Codina | Pol\u00edtica de cookies","og_description":"Pol\u00edtica de cookies de Asilvestradas. Cookies utilizadas en este sitio web. Desactivaci\u00f3n o eliminaci\u00f3n de cookies.","og_url":"https:\/\/onart.latermicamalaga.com\/asilvestradas\/politica-de-cookies\/","og_site_name":"Asilvestradas","article_modified_time":"2021-11-19T09:44:34+00:00","twitter_card":"summary_large_image","twitter_misc":{"Est. reading time":"5 minutes"},"schema":{"@context":"https:\/\/schema.org","@graph":[{"@type":"WebPage","@id":"https:\/\/onart.latermicamalaga.com\/asilvestradas\/politica-de-cookies\/","url":"https:\/\/onart.latermicamalaga.com\/asilvestradas\/politica-de-cookies\/","name":"Asilvestradas por Rosa Codina | Pol\u00edtica de cookies","isPartOf":{"@id":"https:\/\/onart.latermicamalaga.com\/asilvestradas\/#website"},"datePublished":"2021-11-15T15:20:47+00:00","dateModified":"2021-11-19T09:44:34+00:00","description":"Pol\u00edtica de cookies de Asilvestradas. Cookies utilizadas en este sitio web. Desactivaci\u00f3n o eliminaci\u00f3n de cookies.","breadcrumb":{"@id":"https:\/\/onart.latermicamalaga.com\/asilvestradas\/politica-de-cookies\/#breadcrumb"},"inLanguage":"es","potentialAction":[{"@type":"ReadAction","target":["https:\/\/onart.latermicamalaga.com\/asilvestradas\/politica-de-cookies\/"]}]},{"@type":"BreadcrumbList","@id":"https:\/\/onart.latermicamalaga.com\/asilvestradas\/politica-de-cookies\/#breadcrumb","itemListElement":[{"@type":"ListItem","position":1,"name":"Portada","item":"https:\/\/onart.latermicamalaga.com\/asilvestradas\/"},{"@type":"ListItem","position":2,"name":"Pol\u00edtica de cookies"}]},{"@type":"WebSite","@id":"https:\/\/onart.latermicamalaga.com\/asilvestradas\/#website","url":"https:\/\/onart.latermicamalaga.com\/asilvestradas\/","name":"Asilvestradas","description":"por Rosa Codina","potentialAction":[{"@type":"SearchAction","target":{"@type":"EntryPoint","urlTemplate":"https:\/\/onart.latermicamalaga.com\/asilvestradas\/?s={search_term_string}"},"query-input":{"@type":"PropertyValueSpecification","valueRequired":true,"valueName":"search_term_string"}}],"inLanguage":"es"}]}},"_links":{"self":[{"href":"https:\/\/onart.latermicamalaga.com\/asilvestradas\/wp-json\/wp\/v2\/pages\/302","targetHints":{"allow":["GET"]}}],"collection":[{"href":"https:\/\/onart.latermicamalaga.com\/asilvestradas\/wp-json\/wp\/v2\/pages"}],"about":[{"href":"https:\/\/onart.latermicamalaga.com\/asilvestradas\/wp-json\/wp\/v2\/types\/page"}],"author":[{"embeddable":true,"href":"https:\/\/onart.latermicamalaga.com\/asilvestradas\/wp-json\/wp\/v2\/users\/1"}],"replies":[{"embeddable":true,"href":"https:\/\/onart.latermicamalaga.com\/asilvestradas\/wp-json\/wp\/v2\/comments?post=302"}],"version-history":[{"count":4,"href":"https:\/\/onart.latermicamalaga.com\/asilvestradas\/wp-json\/wp\/v2\/pages\/302\/revisions"}],"predecessor-version":[{"id":316,"href":"https:\/\/onart.latermicamalaga.com\/asilvestradas\/wp-json\/wp\/v2\/pages\/302\/revisions\/316"}],"wp:attachment":[{"href":"https:\/\/onart.latermicamalaga.com\/asilvestradas\/wp-json\/wp\/v2\/media?parent=302"}],"curies":[{"name":"wp","href":"https:\/\/api.w.org\/{rel}","templated":true}]}}