{"id":70,"date":"2021-10-04T07:31:40","date_gmt":"2021-10-04T07:31:40","guid":{"rendered":"https:\/\/asilvestradas.onart.latermicamalaga.com\/?page_id=70"},"modified":"2022-01-27T09:44:03","modified_gmt":"2022-01-27T09:44:03","slug":"presentacion","status":"publish","type":"page","link":"https:\/\/onart.latermicamalaga.com\/asilvestradas\/presentacion\/","title":{"rendered":"Presentaci\u00f3n"},"content":{"rendered":"<p>[et_pb_section fb_built=&#8221;1&#8243; admin_label=&#8221;Secci\u00f3n Obra&#8221; _builder_version=&#8221;4.9.4&#8243; _module_preset=&#8221;default&#8221; background_color=&#8221;#000000&#8243; custom_margin=&#8221;0px||0px||true|false&#8221; custom_padding=&#8221;0px|5%|0px|5%|true|true&#8221; locked=&#8221;off&#8221; collapsed=&#8221;off&#8221; global_colors_info=&#8221;{}&#8221;][et_pb_row column_structure=&#8221;1_3,1_3,1_3&#8243; admin_label=&#8221;Fila Obra&#8221; module_id=&#8221;obra&#8221; _builder_version=&#8221;4.9.4&#8243; _module_preset=&#8221;default&#8221; width=&#8221;100%&#8221; max_width=&#8221;100%&#8221; custom_margin=&#8221;0px||||false|false&#8221; custom_padding=&#8221;0px||||false|false&#8221; global_colors_info=&#8221;{}&#8221;][et_pb_column type=&#8221;1_3&#8243; _builder_version=&#8221;4.9.4&#8243; _module_preset=&#8221;default&#8221; global_colors_info=&#8221;{}&#8221;][et_pb_image src=&#8221;https:\/\/onart.latermicamalaga.com\/asilvestradas\/wp-content\/uploads\/sites\/5\/2021\/10\/20211001_0003.webp&#8221; disabled_on=&#8221;off|on|off&#8221; _builder_version=&#8221;4.12.1&#8243; _module_preset=&#8221;default&#8221; hover_enabled=&#8221;0&#8243; global_colors_info=&#8221;{}&#8221; sticky_enabled=&#8221;0&#8243;][\/et_pb_image][\/et_pb_column][et_pb_column type=&#8221;1_3&#8243; _builder_version=&#8221;4.9.4&#8243; _module_preset=&#8221;default&#8221; global_colors_info=&#8221;{}&#8221;][et_pb_text admin_label=&#8221;T\u00edtulo&#8221; _builder_version=&#8221;4.9.4&#8243; _module_preset=&#8221;default&#8221; text_font=&#8221;Nunito Sans||||||||&#8221; text_text_color=&#8221;#FFFFFF&#8221; text_font_size=&#8221;16px&#8221; header_font=&#8221;Nunito Sans|300|||||||&#8221; header_text_color=&#8221;#FFFFFF&#8221; header_font_size=&#8221;24px&#8221; header_2_font=&#8221;Nunito Sans||||||||&#8221; header_2_text_color=&#8221;#FFFFFF&#8221; header_2_font_size=&#8221;16px&#8221; global_colors_info=&#8221;{}&#8221;]<\/p>\n<h1>PRESENTACI\u00d3N<br \/>FLORA: DIVINA Y CIUDADANA<\/h1>\n<h2>Patr\u00edcia Soley-Beltran, curadora<\/h2>\n<p>[\/et_pb_text][et_pb_text _builder_version=&#8221;4.12.1&#8243; _module_preset=&#8221;default&#8221; text_font=&#8221;Nunito Sans||||||||&#8221; text_text_color=&#8221;#FFFFFF&#8221; header_font=&#8221;Nunito Sans|300|||||||&#8221; header_text_color=&#8221;#FFFFFF&#8221; header_font_size=&#8221;24px&#8221; global_colors_info=&#8221;{}&#8221;]<\/p>\n<p><em>Asilvestradas<\/em> es una exposici\u00f3n de fotograf\u00eda y v\u00eddeo sobre el retorno de lo reprimido: flores silvestres explotan en el asfalto como manifestaciones alucin\u00f3genas de nuestra olvidada vinculaci\u00f3n con la naturaleza. La artista nos lleva por un camino verde en el que descubre y retrata el asilvestramiento primaveral que tuvo lugar en tantas ciudades durante el primer confinamiento. El gran te\u00f3rico franc\u00e9s G\u00e9rard Genette escribi\u00f3: \u00abno es el objeto el que hace que la relaci\u00f3n sea est\u00e9tica, sino la relaci\u00f3n la que hace que el objeto sea est\u00e9tico\u00bb. Bajo la mirada de Rosa Codina, la pesadilla del confinamiento se convierte en una aut\u00e9ntica aventura on\u00edrica en la que la belleza surrealista de lo humilde nos devuelve el sentido de la utop\u00eda y de nuestro lugar en el mundo. Su \u2018Cuento de primavera\u2019 narra el proceso creativo: un paseo maravillado que no descuida el paso del tiempo: de las olas de floreceres al recogimiento invernal.<\/p>\n<p>En este recorrido estacional surge, inevitable, una suerte de er\u00f3tomaquia vegetal. Recordemos que las flores son los \u00f3rganos sexuales de las plantas y, en ocasiones, los humanos nos servimos de sus nombres para referirnos a los nuestros. Bajo el nombre de Cloris o de Flora, su est\u00e1tus divino nunca fue cuestionado. La obra del jardin\u00f3sofo Santiago Beruete narra como venerables padres de la Iglesia, como Aquilino de Tours, Epifanio o Diodora Neopomuceno, entre muchos otros, se debatieron entre el <em>furor hortensis<\/em> &#8211; es decir, la posibilidad de gozar sexualmente pase\u00e1ndose por un vergel &#8211; y la dura labor del huerto como medio para huir del sexo y \u2018plantar el cielo\u2019. Tal es la atracci\u00f3n que sentimos ante las flores, que la insensibilidad ante sus encantos &#8211; lo que el escritor y activista Michael Pollan denomina \u201ctedio floral\u201d &#8211; puede llegar a considerarse s\u00edntoma de depresi\u00f3n.<\/p>\n<p>La importancia de lo que la Humanidad denomina \u2018naturaleza\u2019 \u2013 como si fuer\u00e1mos un ente separado de ella-, queda recogida una vez m\u00e1s por la Psicolog\u00eda ambiental al demostrar como el entorno no s\u00f3lo condiciona nuestro modo de vivir, sino tambi\u00e9n nuestro modo de ser y, por supuesto, la salud. El nuevo urbanismo reacciona en un intento de reinventar la ciudad reverdeci\u00e9ndola y haci\u00e9ndola m\u00e1s habitable. As\u00ed, el jard\u00edn, pero tambi\u00e9n cada sencilla flor de bordillo o de cuneta, se tornan as\u00ed motor de cambio social, pues simbolizan la esperanza de una ciudad id\u00edlica en un mundo m\u00e1s justo.<\/p>\n<p>En \u201cPo\u00e9tica de lo silvestre y narrativa de la luz en la fotograf\u00eda <em>au plein air<\/em> de Rosa Codina\u201d, el \u2018ensayo verde\u2019 de Santiago Beruete, se expone por qu\u00e9 el asilvestramiento humano es clave para nuestra propia supervivencia, que no la del planeta al que llamamos Tierra. El pensamiento del fil\u00f3sofo revive al huerto como aliado de la luz \u2013 pues nunca surge de las tinieblas \u2013 y al jard\u00edn como para\u00edso delicioso, pero tambi\u00e9n como escenario de la ca\u00edda.<\/p>\n<p>En un contexto postpand\u00e9mico, <em>Asilvestradas<\/em> nos propone un reencantamiento del mundo en el que las \u2018malas hierbas\u2019 lucen su belleza como el anverso de nuestra propia fealdad. Con toda su inocencia, sus im\u00e1genes estimulan nuestro biofilia y nos invitan a olvidarnos de nosotros mismos contempl\u00e1ndolas. Su belleza mantiene viva la utop\u00eda y anticipa el cielo, al tiempo que cuestiona la distinci\u00f3n que establecemos entre naturaleza y cultura. Asilvestrarnos e ilustrarnos se convierten as\u00ed en un mismo proceso: devenir personas \u2018cultivadas\u2019 capaces de conciliar lo ideal y lo real, dispuestas a cumplir con la raz\u00f3n de ser del jard\u00edn del que tambi\u00e9n formamos parte, antes de que seamos expulsadas definitivamente.<\/p>\n<p>[\/et_pb_text][et_pb_code admin_label=&#8221;Controles siguiente y volver&#8221; module_id=&#8221;controles-paginas&#8221; _builder_version=&#8221;4.12.1&#8243; _module_preset=&#8221;default&#8221; global_module=&#8221;225&#8243; saved_tabs=&#8221;all&#8221; global_colors_info=&#8221;{}&#8221;]<span id=\"controles-paginas\"><!-- [et_pb_line_break_holder] -->  <\/p>\n<ul><!-- [et_pb_line_break_holder] -->    <\/p>\n<li><!-- [et_pb_line_break_holder] -->    <a class=\"volver\" title=\"P\u00e1gina anterior\" alt=\"Vuelve a la p\u00e1gina anterior\" href=\"#\"><!-- [et_pb_line_break_holder] -->  Volver<!-- [et_pb_line_break_holder] -->  <\/a><!-- [et_pb_line_break_holder] -->    <\/li>\n<p><!-- [et_pb_line_break_holder] -->    <\/p>\n<li><!-- [et_pb_line_break_holder] -->    <a class=\"siguiente\" title=\"P\u00e1gina siguiente\" alt=\"Adelanta a la siguiente p\u00e1gina\" href=\"#\"><!-- [et_pb_line_break_holder] -->  Siguiente<!-- [et_pb_line_break_holder] -->  <\/a><!-- [et_pb_line_break_holder] -->    <\/li>\n<p><!-- [et_pb_line_break_holder] -->  <\/ul>\n<p><!-- [et_pb_line_break_holder] --><\/span>[\/et_pb_code][\/et_pb_column][et_pb_column type=&#8221;1_3&#8243; _builder_version=&#8221;4.9.4&#8243; _module_preset=&#8221;default&#8221; global_colors_info=&#8221;{}&#8221;][et_pb_text _builder_version=&#8221;4.12.1&#8243; _module_preset=&#8221;default&#8221; background_image=&#8221;https:\/\/onart.latermicamalaga.com\/asilvestradas\/wp-content\/uploads\/sites\/5\/2021\/10\/20211001_0004.webp&#8221; min_height=&#8221;400px&#8221; min_height_tablet=&#8221;350px&#8221; min_height_phone=&#8221;300px&#8221; min_height_last_edited=&#8221;on|desktop&#8221; hover_enabled=&#8221;0&#8243; global_colors_info=&#8221;{}&#8221; sticky_enabled=&#8221;0&#8243;][\/et_pb_text][et_pb_code disabled_on=&#8221;on|off|off&#8221; admin_label=&#8221;Men\u00fa&#8221; module_id=&#8221;menu-lateral&#8221; _builder_version=&#8221;4.12.1&#8243; _module_preset=&#8221;default&#8221; global_module=&#8221;194&#8243; saved_tabs=&#8221;all&#8221; locked=&#8221;off&#8221; global_colors_info=&#8221;{}&#8221;]<a href=\"https:\/\/onart.latermicamalaga.com\/asilvestradas\/presentacion\/\" title=\"Presentaci\u00f3n\" alt=\"Enlace a p\u00e1gina de presentaci\u00f3n\"><!-- [et_pb_line_break_holder] --><\/p>\n<h3>Presentaci\u00f3n<\/h3>\n<p><!-- [et_pb_line_break_holder] --><pee>Patr\u00edcia Soley-Beltran<\/pee><!-- [et_pb_line_break_holder] --><\/a><!-- [et_pb_line_break_holder] --><!-- [et_pb_line_break_holder] --><a href=\"https:\/\/onart.latermicamalaga.com\/asilvestradas\/cuento-de-primavera\/\" title=\"Cuento de primavera\" alt=\"Enlace a p\u00e1gina cuento de primavera\"><!-- [et_pb_line_break_holder] --><\/p>\n<h3>CUENTO DE PRIMAVERA<\/h3>\n<p><!-- [et_pb_line_break_holder] --><pee>Rosa Codina<\/pee><!-- [et_pb_line_break_holder] --><\/a><!-- [et_pb_line_break_holder] --><!-- [et_pb_line_break_holder] --><a href=\"https:\/\/onart.latermicamalaga.com\/asilvestradas\/poetica-de-lo-silvestre\/\" title=\"Po\u00e9tica de lo silvestre\" alt=\"Enlace a p\u00e1gina po\u00e9tica de lo silvestre\"><!-- [et_pb_line_break_holder] --><\/p>\n<h3>PO\u00c9TICA DE LO SILVESTRE<\/h3>\n<p><!-- [et_pb_line_break_holder] --><pee>Santiago Beruete<\/pee><!-- [et_pb_line_break_holder] --><\/a><!-- [et_pb_line_break_holder] --><!-- [et_pb_line_break_holder] --><a href=\"https:\/\/www.latermicamalaga.com\/contacto\/\" target=\"_blank\" title=\"Email\" alt=\"Enlace enviar email a comunicacion@malaga.es\" rel=\"noopener\"><!-- [et_pb_line_break_holder] --><\/p>\n<h3>CONTACTO<\/h3>\n<p><!-- [et_pb_line_break_holder] --><pee>ON_ART<\/pee><!-- [et_pb_line_break_holder] --><\/a>[\/et_pb_code][\/et_pb_column][\/et_pb_row][et_pb_row column_structure=&#8221;1_3,1_3,1_3&#8243; admin_label=&#8221;Fila Descripci\u00f3n Obra&#8221; module_id=&#8221;descripcion&#8221; _builder_version=&#8221;4.9.4&#8243; _module_preset=&#8221;default&#8221; width=&#8221;100%&#8221; max_width=&#8221;100%&#8221; custom_margin=&#8221;0px||||false|false&#8221; custom_padding=&#8221;0px||||false|false&#8221; global_colors_info=&#8221;{}&#8221;][et_pb_column type=&#8221;1_3&#8243; _builder_version=&#8221;4.9.4&#8243; _module_preset=&#8221;default&#8221; global_colors_info=&#8221;{}&#8221;][et_pb_image src=&#8221;https:\/\/onart.latermicamalaga.com\/asilvestradas\/wp-content\/uploads\/sites\/5\/2021\/10\/20211001_0003.webp&#8221; _builder_version=&#8221;4.12.1&#8243; _module_preset=&#8221;default&#8221; global_colors_info=&#8221;{}&#8221;][\/et_pb_image][\/et_pb_column][et_pb_column type=&#8221;1_3&#8243; _builder_version=&#8221;4.9.4&#8243; _module_preset=&#8221;default&#8221; global_colors_info=&#8221;{}&#8221;][et_pb_text admin_label=&#8221;T\u00edtulo&#8221; _builder_version=&#8221;4.9.4&#8243; _module_preset=&#8221;default&#8221; text_font=&#8221;Nunito Sans||||||||&#8221; text_text_color=&#8221;#FFFFFF&#8221; text_font_size=&#8221;16px&#8221; header_font=&#8221;Nunito Sans|300|||||||&#8221; header_text_color=&#8221;#FFFFFF&#8221; header_font_size=&#8221;24px&#8221; header_2_font=&#8221;Nunito Sans|300|||||||&#8221; header_2_text_color=&#8221;#FFFFFF&#8221; header_2_font_size=&#8221;24px&#8221; custom_margin=&#8221;||1em||false|false&#8221; global_colors_info=&#8221;{}&#8221;]<\/p>\n<h2>SOBRE LA CURADORA<\/h2>\n<p>[\/et_pb_text][et_pb_text _builder_version=&#8221;4.12.1&#8243; _module_preset=&#8221;default&#8221; text_font=&#8221;Nunito Sans||||||||&#8221; text_text_color=&#8221;#FFFFFF&#8221; link_font=&#8221;Nunito Sans||||||||&#8221; link_text_color=&#8221;#FFFFFF&#8221; link_font_size=&#8221;16px&#8221; header_font=&#8221;Nunito Sans|300|||||||&#8221; header_text_color=&#8221;#FFFFFF&#8221; header_font_size=&#8221;24px&#8221; global_colors_info=&#8221;{}&#8221;]<\/p>\n<p><b>Patr\u00edcia Soley-Beltran<\/b><span>\u00a0<\/span>es ensayista, gestora cultural y consultora de g\u00e9nero. Doctora en Sociolog\u00eda por la Universidad de Edimburgo y licenciada en Historia Cultural por la Universidad de Aberdeen, es autora de dos libros acad\u00e9micos y de numerosas publicaciones en revistas y libros cient\u00edficos. Su trabajo de divulgaci\u00f3n obtuvo el Premio Anagrama de Ensayo por<span>\u00a0<\/span><i>\u00a1Divinas! Modelos, poder y mentiras<\/i><span>\u00a0<\/span>(2015) y el I Premio Mar\u00eda Luz Morales de Periodismo por el ensayo \u201cPol\u00edtica eres t\u00fa\u201d (<i>El Pa\u00eds Semanal<\/i>, 2015). Docente en diversas universidades, como Edimburgo, Aberdeen, Barcelona, Aut\u00f2noma o Pompeu Fabra, ha impartido conferencias en Caixaf\u00f2rum, Museo del Dise\u00f1o de Barcelona, Museo del Traje (Madrid), Casa Am\u00e9rica, Centro Pompidou (M\u00e1laga) y TEDxBarcelonaWomen, entre otras instituciones.<\/p>\n<p>Como gestora cultural, ha coordinado ciclos para Caixaforum (Madrid y Barcelona), Museo del Traje, Francesca Bonnemaison \u2013 Diputaci\u00f3 de Barcelona, La T\u00e9rmica, Fundaci\u00f3 Sa Nostra y Museo Carmen Thyssen, entre otros. Colabora regularmente con<span>\u00a0<\/span><i>El Pa\u00eds, La Vanguardia<\/i><span>\u00a0<\/span>y los Encuentros del Bienestar de la Cadena SER. Es la curadora de DE AFUERA DENTRO, la primera exposici\u00f3n enteramente virtual de La T\u00e9rmica por Susanne Junker. Como experta en perspectiva de g\u00e9nero, asesora a universidades e instituciones gubernamentales, como el Ayuntamiento de Barcelona, la Diputaci\u00f3 de Girona, la Universitat Pompeu Fabra o el Museu de Ci\u00e8ncies Naturals de Barcelona, entre otros, adem\u00e1s de ser autora de la gu\u00eda<span>\u00a0<\/span><i>\u00a1Cuenta con nosotras! Buenas pr\u00e1cticas para la programaci\u00f3n cultural paritaria<\/i><span>\u00a0<\/span>(Ayuntamiento de Barcelona). Trabaj\u00f3 como modelo, actriz y presentadora (1979-1989) y, m\u00e1s recientemente, present\u00f3<span>\u00a0<\/span><i>Terr\u00edcoles<\/i><span>\u00a0<\/span>(Betev\u00e9 2016-2017), un programa de entrevistas en profundidad. Es miembro del comit\u00e9 editorial de la revista acad\u00e9mica<span>\u00a0<\/span><i>Critical Studies of Fashion and Beauty<\/i><span>\u00a0<\/span>y del consejo asesor de la Fundaci\u00f3n Nagel. <span style=\"text-decoration: underline;\"><a href=\"https:\/\/patriciasoley.com\/\" target=\"_blank\" rel=\"noopener\">www.patriciasoley.com<\/a><\/span><\/p>\n<p>[\/et_pb_text][et_pb_code admin_label=&#8221;Controles siguiente y volver&#8221; module_id=&#8221;controles-paginas&#8221; _builder_version=&#8221;4.12.1&#8243; _module_preset=&#8221;default&#8221; global_module=&#8221;225&#8243; saved_tabs=&#8221;all&#8221; global_colors_info=&#8221;{}&#8221;]<span id=\"controles-paginas\"><!-- [et_pb_line_break_holder] -->  <\/p>\n<ul><!-- [et_pb_line_break_holder] -->    <\/p>\n<li><!-- [et_pb_line_break_holder] -->    <a class=\"volver\" title=\"P\u00e1gina anterior\" alt=\"Vuelve a la p\u00e1gina anterior\" href=\"#\"><!-- [et_pb_line_break_holder] -->  Volver<!-- [et_pb_line_break_holder] -->  <\/a><!-- [et_pb_line_break_holder] -->    <\/li>\n<p><!-- [et_pb_line_break_holder] -->    <\/p>\n<li><!-- [et_pb_line_break_holder] -->    <a class=\"siguiente\" title=\"P\u00e1gina siguiente\" alt=\"Adelanta a la siguiente p\u00e1gina\" href=\"#\"><!-- [et_pb_line_break_holder] -->  Siguiente<!-- [et_pb_line_break_holder] -->  <\/a><!-- [et_pb_line_break_holder] -->    <\/li>\n<p><!-- [et_pb_line_break_holder] -->  <\/ul>\n<p><!-- [et_pb_line_break_holder] --><\/span>[\/et_pb_code][\/et_pb_column][et_pb_column type=&#8221;1_3&#8243; _builder_version=&#8221;4.9.4&#8243; _module_preset=&#8221;default&#8221; global_colors_info=&#8221;{}&#8221;][et_pb_text _builder_version=&#8221;4.9.4&#8243; _module_preset=&#8221;default&#8221; background_image=&#8221;https:\/\/onart.latermicamalaga.com\/asilvestradas\/wp-content\/uploads\/sites\/5\/2021\/10\/20211001_0004.webp&#8221; min_height=&#8221;25vw&#8221; global_colors_info=&#8221;{}&#8221;][\/et_pb_text][et_pb_code disabled_on=&#8221;on|off|off&#8221; admin_label=&#8221;Men\u00fa&#8221; module_id=&#8221;menu-lateral&#8221; _builder_version=&#8221;4.12.1&#8243; _module_preset=&#8221;default&#8221; global_module=&#8221;194&#8243; saved_tabs=&#8221;all&#8221; locked=&#8221;off&#8221; global_colors_info=&#8221;{}&#8221;]<a href=\"https:\/\/onart.latermicamalaga.com\/asilvestradas\/presentacion\/\" title=\"Presentaci\u00f3n\" alt=\"Enlace a p\u00e1gina de presentaci\u00f3n\"><!-- [et_pb_line_break_holder] --><\/p>\n<h3>Presentaci\u00f3n<\/h3>\n<p><!-- [et_pb_line_break_holder] --><pee>Patr\u00edcia Soley-Beltran<\/pee><!-- [et_pb_line_break_holder] --><\/a><!-- [et_pb_line_break_holder] --><!-- [et_pb_line_break_holder] --><a href=\"https:\/\/onart.latermicamalaga.com\/asilvestradas\/cuento-de-primavera\/\" title=\"Cuento de primavera\" alt=\"Enlace a p\u00e1gina cuento de primavera\"><!-- [et_pb_line_break_holder] --><\/p>\n<h3>CUENTO DE PRIMAVERA<\/h3>\n<p><!-- [et_pb_line_break_holder] --><pee>Rosa Codina<\/pee><!-- [et_pb_line_break_holder] --><\/a><!-- [et_pb_line_break_holder] --><!-- [et_pb_line_break_holder] --><a href=\"https:\/\/onart.latermicamalaga.com\/asilvestradas\/poetica-de-lo-silvestre\/\" title=\"Po\u00e9tica de lo silvestre\" alt=\"Enlace a p\u00e1gina po\u00e9tica de lo silvestre\"><!-- [et_pb_line_break_holder] --><\/p>\n<h3>PO\u00c9TICA DE LO SILVESTRE<\/h3>\n<p><!-- [et_pb_line_break_holder] --><pee>Santiago Beruete<\/pee><!-- [et_pb_line_break_holder] --><\/a><!-- [et_pb_line_break_holder] --><!-- [et_pb_line_break_holder] --><a href=\"https:\/\/www.latermicamalaga.com\/contacto\/\" target=\"_blank\" title=\"Email\" alt=\"Enlace enviar email a comunicacion@malaga.es\" rel=\"noopener\"><!-- [et_pb_line_break_holder] --><\/p>\n<h3>CONTACTO<\/h3>\n<p><!-- [et_pb_line_break_holder] --><pee>ON_ART<\/pee><!-- [et_pb_line_break_holder] --><\/a>[\/et_pb_code][\/et_pb_column][\/et_pb_row][\/et_pb_section]<\/p>\n","protected":false},"excerpt":{"rendered":"<p>PRESENTACI\u00d3NFLORA: DIVINA Y CIUDADANA Patr\u00edcia Soley-Beltran, curadoraAsilvestradas es una exposici\u00f3n de fotograf\u00eda y v\u00eddeo sobre el retorno de lo reprimido: flores silvestres explotan en el asfalto como manifestaciones alucin\u00f3genas de nuestra olvidada vinculaci\u00f3n con la naturaleza. La artista nos lleva por un camino verde en el que descubre y retrata el asilvestramiento primaveral que tuvo [&hellip;]<\/p>\n","protected":false},"author":1,"featured_media":0,"parent":0,"menu_order":0,"comment_status":"closed","ping_status":"closed","template":"","meta":{"_et_pb_use_builder":"on","_et_pb_old_content":"","_et_gb_content_width":"","inline_featured_image":false,"footnotes":""},"class_list":["post-70","page","type-page","status-publish","hentry"],"yoast_head":"<!-- This site is optimized with the Yoast SEO plugin v27.3 - https:\/\/yoast.com\/product\/yoast-seo-wordpress\/ -->\n<title>Asilvestradas por Rosa Codina | Presentaci\u00f3n Patr\u00edcia Soley, curadora<\/title>\n<meta name=\"description\" content=\"Asilvestradas es una exposici\u00f3n de fotograf\u00eda y v\u00eddeo sobre el retorno de lo reprimido: flores silvestres explotan en el asfalto.\" \/>\n<meta name=\"robots\" content=\"index, follow, max-snippet:-1, max-image-preview:large, max-video-preview:-1\" \/>\n<link rel=\"canonical\" href=\"https:\/\/onart.latermicamalaga.com\/asilvestradas\/presentacion\/\" \/>\n<meta property=\"og:locale\" content=\"es_ES\" \/>\n<meta property=\"og:type\" content=\"article\" \/>\n<meta property=\"og:title\" content=\"Asilvestradas por Rosa Codina | Presentaci\u00f3n Patr\u00edcia Soley, curadora\" \/>\n<meta property=\"og:description\" content=\"Asilvestradas es una exposici\u00f3n de fotograf\u00eda y v\u00eddeo sobre el retorno de lo reprimido: flores silvestres explotan en el asfalto.\" \/>\n<meta property=\"og:url\" content=\"https:\/\/onart.latermicamalaga.com\/asilvestradas\/presentacion\/\" \/>\n<meta property=\"og:site_name\" content=\"Asilvestradas\" \/>\n<meta property=\"article:modified_time\" content=\"2022-01-27T09:44:03+00:00\" \/>\n<meta name=\"twitter:card\" content=\"summary_large_image\" \/>\n<meta name=\"twitter:label1\" content=\"Est. reading time\" \/>\n\t<meta name=\"twitter:data1\" content=\"8 minutes\" \/>\n<script type=\"application\/ld+json\" class=\"yoast-schema-graph\">{\"@context\":\"https:\\\/\\\/schema.org\",\"@graph\":[{\"@type\":\"WebPage\",\"@id\":\"https:\\\/\\\/onart.latermicamalaga.com\\\/asilvestradas\\\/presentacion\\\/\",\"url\":\"https:\\\/\\\/onart.latermicamalaga.com\\\/asilvestradas\\\/presentacion\\\/\",\"name\":\"Asilvestradas por Rosa Codina | Presentaci\u00f3n Patr\u00edcia Soley, curadora\",\"isPartOf\":{\"@id\":\"https:\\\/\\\/onart.latermicamalaga.com\\\/asilvestradas\\\/#website\"},\"datePublished\":\"2021-10-04T07:31:40+00:00\",\"dateModified\":\"2022-01-27T09:44:03+00:00\",\"description\":\"Asilvestradas es una exposici\u00f3n de fotograf\u00eda y v\u00eddeo sobre el retorno de lo reprimido: flores silvestres explotan en el asfalto.\",\"breadcrumb\":{\"@id\":\"https:\\\/\\\/onart.latermicamalaga.com\\\/asilvestradas\\\/presentacion\\\/#breadcrumb\"},\"inLanguage\":\"es\",\"potentialAction\":[{\"@type\":\"ReadAction\",\"target\":[\"https:\\\/\\\/onart.latermicamalaga.com\\\/asilvestradas\\\/presentacion\\\/\"]}]},{\"@type\":\"BreadcrumbList\",\"@id\":\"https:\\\/\\\/onart.latermicamalaga.com\\\/asilvestradas\\\/presentacion\\\/#breadcrumb\",\"itemListElement\":[{\"@type\":\"ListItem\",\"position\":1,\"name\":\"Portada\",\"item\":\"https:\\\/\\\/onart.latermicamalaga.com\\\/asilvestradas\\\/\"},{\"@type\":\"ListItem\",\"position\":2,\"name\":\"Presentaci\u00f3n\"}]},{\"@type\":\"WebSite\",\"@id\":\"https:\\\/\\\/onart.latermicamalaga.com\\\/asilvestradas\\\/#website\",\"url\":\"https:\\\/\\\/onart.latermicamalaga.com\\\/asilvestradas\\\/\",\"name\":\"Asilvestradas\",\"description\":\"por Rosa Codina\",\"potentialAction\":[{\"@type\":\"SearchAction\",\"target\":{\"@type\":\"EntryPoint\",\"urlTemplate\":\"https:\\\/\\\/onart.latermicamalaga.com\\\/asilvestradas\\\/?s={search_term_string}\"},\"query-input\":{\"@type\":\"PropertyValueSpecification\",\"valueRequired\":true,\"valueName\":\"search_term_string\"}}],\"inLanguage\":\"es\"}]}<\/script>\n<!-- \/ Yoast SEO plugin. -->","yoast_head_json":{"title":"Asilvestradas por Rosa Codina | Presentaci\u00f3n Patr\u00edcia Soley, curadora","description":"Asilvestradas es una exposici\u00f3n de fotograf\u00eda y v\u00eddeo sobre el retorno de lo reprimido: flores silvestres explotan en el asfalto.","robots":{"index":"index","follow":"follow","max-snippet":"max-snippet:-1","max-image-preview":"max-image-preview:large","max-video-preview":"max-video-preview:-1"},"canonical":"https:\/\/onart.latermicamalaga.com\/asilvestradas\/presentacion\/","og_locale":"es_ES","og_type":"article","og_title":"Asilvestradas por Rosa Codina | Presentaci\u00f3n Patr\u00edcia Soley, curadora","og_description":"Asilvestradas es una exposici\u00f3n de fotograf\u00eda y v\u00eddeo sobre el retorno de lo reprimido: flores silvestres explotan en el asfalto.","og_url":"https:\/\/onart.latermicamalaga.com\/asilvestradas\/presentacion\/","og_site_name":"Asilvestradas","article_modified_time":"2022-01-27T09:44:03+00:00","twitter_card":"summary_large_image","twitter_misc":{"Est. reading time":"8 minutes"},"schema":{"@context":"https:\/\/schema.org","@graph":[{"@type":"WebPage","@id":"https:\/\/onart.latermicamalaga.com\/asilvestradas\/presentacion\/","url":"https:\/\/onart.latermicamalaga.com\/asilvestradas\/presentacion\/","name":"Asilvestradas por Rosa Codina | Presentaci\u00f3n Patr\u00edcia Soley, curadora","isPartOf":{"@id":"https:\/\/onart.latermicamalaga.com\/asilvestradas\/#website"},"datePublished":"2021-10-04T07:31:40+00:00","dateModified":"2022-01-27T09:44:03+00:00","description":"Asilvestradas es una exposici\u00f3n de fotograf\u00eda y v\u00eddeo sobre el retorno de lo reprimido: flores silvestres explotan en el asfalto.","breadcrumb":{"@id":"https:\/\/onart.latermicamalaga.com\/asilvestradas\/presentacion\/#breadcrumb"},"inLanguage":"es","potentialAction":[{"@type":"ReadAction","target":["https:\/\/onart.latermicamalaga.com\/asilvestradas\/presentacion\/"]}]},{"@type":"BreadcrumbList","@id":"https:\/\/onart.latermicamalaga.com\/asilvestradas\/presentacion\/#breadcrumb","itemListElement":[{"@type":"ListItem","position":1,"name":"Portada","item":"https:\/\/onart.latermicamalaga.com\/asilvestradas\/"},{"@type":"ListItem","position":2,"name":"Presentaci\u00f3n"}]},{"@type":"WebSite","@id":"https:\/\/onart.latermicamalaga.com\/asilvestradas\/#website","url":"https:\/\/onart.latermicamalaga.com\/asilvestradas\/","name":"Asilvestradas","description":"por Rosa Codina","potentialAction":[{"@type":"SearchAction","target":{"@type":"EntryPoint","urlTemplate":"https:\/\/onart.latermicamalaga.com\/asilvestradas\/?s={search_term_string}"},"query-input":{"@type":"PropertyValueSpecification","valueRequired":true,"valueName":"search_term_string"}}],"inLanguage":"es"}]}},"_links":{"self":[{"href":"https:\/\/onart.latermicamalaga.com\/asilvestradas\/wp-json\/wp\/v2\/pages\/70","targetHints":{"allow":["GET"]}}],"collection":[{"href":"https:\/\/onart.latermicamalaga.com\/asilvestradas\/wp-json\/wp\/v2\/pages"}],"about":[{"href":"https:\/\/onart.latermicamalaga.com\/asilvestradas\/wp-json\/wp\/v2\/types\/page"}],"author":[{"embeddable":true,"href":"https:\/\/onart.latermicamalaga.com\/asilvestradas\/wp-json\/wp\/v2\/users\/1"}],"replies":[{"embeddable":true,"href":"https:\/\/onart.latermicamalaga.com\/asilvestradas\/wp-json\/wp\/v2\/comments?post=70"}],"version-history":[{"count":27,"href":"https:\/\/onart.latermicamalaga.com\/asilvestradas\/wp-json\/wp\/v2\/pages\/70\/revisions"}],"predecessor-version":[{"id":343,"href":"https:\/\/onart.latermicamalaga.com\/asilvestradas\/wp-json\/wp\/v2\/pages\/70\/revisions\/343"}],"wp:attachment":[{"href":"https:\/\/onart.latermicamalaga.com\/asilvestradas\/wp-json\/wp\/v2\/media?parent=70"}],"curies":[{"name":"wp","href":"https:\/\/api.w.org\/{rel}","templated":true}]}}